{"id":24,"date":"2016-08-21T08:08:02","date_gmt":"2016-08-21T08:08:02","guid":{"rendered":"http:\/\/www.cf63.de\/wp\/?page_id=24"},"modified":"2016-08-22T07:41:39","modified_gmt":"2016-08-22T05:41:39","slug":"uber-uns","status":"publish","type":"page","link":"https:\/\/www.cf63.de\/index.php\/uber-uns\/","title":{"rendered":"Historie"},"content":{"rendered":"<p>Der Campus Fichtenhain wurde um 1905 als erste \u201eRheinische Provinzial-F\u00fcrsorgeerziehungsanstalt\u201c konzipiert. Die Anlagen waren architektonisch und st\u00e4dtebaulich \u00e4u\u00dferst fortschrittlich.<\/p>\n<p><!--more-->Bei dem Waschk\u00fcchengeb\u00e4ude (Campus Fichtenhain 63) handelte es sich aber nicht nur um eine Art Waschsalon aus der Kaiserzeit, sondern dazu geh\u00f6rte auch ein kleines Schwimmbad.<\/p>\n<p>Das in ihren Einzelgeb\u00e4uden bis heute weitgehend noch in der Grundkonzeption erhaltene Areal macht den urspr\u00fcnglich sozialpflegerischen Ansatz auf einen Blick deutlich. Meist zweigeschossige Backsteinbauten sind dabei um eine zentrale Gr\u00fcnfl\u00e4che gruppiert. Die Geb\u00e4ude zeigen die Inspiration der damaligen Baumeister. In den 30er Jahren wurde die Einrichtung vor\u00fcbergehend umgewidmet. Sie wurde zun\u00e4chst als Schulungslager der SA genutzt und in den Jahren kurz vor und w\u00e4hrend des Zweiten Weltkrieges zum Standort von Wehrmachtst\u00e4ben bzw. der Heeresgruppe B.<\/p>\n<p>1997 erwarb die Grundst\u00fccksgesellschaft der Stadt Krefeld mbH &amp; Co. KG, damals noch eine Tochtergesellschaft der Krefelder Wirtschaftsf\u00f6rderungsgesellschaft, das gesamte Areal vom Landschaftsverband Rheinland, mit dem langfristigen Ziel, es in einem Gewerbepark f\u00fcr B\u00fcronutzung umzufunktionieren. Unternehmen aus dem Bereich der kreativen Dienstleistungen haben sich angesiedelt. Die Geb\u00e4ude stehen unter Denkmalschutz. Der Campus Fichtenhain wurde als Modellprojekt zur Nachhaltigen Gewerbegebietsentwicklung seitens des Ministeriums f\u00fcr Klimaschutz, Umwelt, Landwirtschaft, Natur- und Verbraucherschutz des Landes NRW ausgezeichnet.<\/p>\n","protected":false},"excerpt":{"rendered":"<p>Der Campus Fichtenhain wurde um 1905 als erste \u201eRheinische Provinzial-F\u00fcrsorgeerziehungsanstalt\u201c konzipiert. Die Anlagen waren architektonisch und st\u00e4dtebaulich \u00e4u\u00dferst fortschrittlich.<\/p>\n","protected":false},"author":1,"featured_media":31,"parent":0,"menu_order":0,"comment_status":"closed","ping_status":"closed","template":"","meta":{"footnotes":""},"class_list":["post-24","page","type-page","status-publish","has-post-thumbnail","hentry"],"_links":{"self":[{"href":"https:\/\/www.cf63.de\/index.php\/wp-json\/wp\/v2\/pages\/24"}],"collection":[{"href":"https:\/\/www.cf63.de\/index.php\/wp-json\/wp\/v2\/pages"}],"about":[{"href":"https:\/\/www.cf63.de\/index.php\/wp-json\/wp\/v2\/types\/page"}],"author":[{"embeddable":true,"href":"https:\/\/www.cf63.de\/index.php\/wp-json\/wp\/v2\/users\/1"}],"replies":[{"embeddable":true,"href":"https:\/\/www.cf63.de\/index.php\/wp-json\/wp\/v2\/comments?post=24"}],"version-history":[{"count":6,"href":"https:\/\/www.cf63.de\/index.php\/wp-json\/wp\/v2\/pages\/24\/revisions"}],"predecessor-version":[{"id":80,"href":"https:\/\/www.cf63.de\/index.php\/wp-json\/wp\/v2\/pages\/24\/revisions\/80"}],"wp:featuredmedia":[{"embeddable":true,"href":"https:\/\/www.cf63.de\/index.php\/wp-json\/wp\/v2\/media\/31"}],"wp:attachment":[{"href":"https:\/\/www.cf63.de\/index.php\/wp-json\/wp\/v2\/media?parent=24"}],"curies":[{"name":"wp","href":"https:\/\/api.w.org\/{rel}","templated":true}]}}