{"id":29,"date":"2016-08-21T08:09:23","date_gmt":"2016-08-21T08:09:23","guid":{"rendered":"http:\/\/www.cf63.de\/wp\/?page_id=29"},"modified":"2016-08-22T20:34:26","modified_gmt":"2016-08-22T18:34:26","slug":"unsere-ziele","status":"publish","type":"page","link":"https:\/\/www.cf63.de\/index.php\/unsere-ziele\/","title":{"rendered":"Unsere Ziele"},"content":{"rendered":"<p>Wir m\u00f6chten den Campus Fichtenhain 63 in ein optimales B\u00fcroumfeld umwandeln, das verschiedene Firmen anspricht und ein perfektes Umfeld f\u00fcr die t\u00e4gliche Arbeit bietet.<\/p>\n","protected":false},"excerpt":{"rendered":"<p>Wir m\u00f6chten den Campus Fichtenhain 63 in ein optimales B\u00fcroumfeld umwandeln, das verschiedene Firmen anspricht und ein perfektes Umfeld f\u00fcr die t\u00e4gliche Arbeit bietet.<\/p>\n","protected":false},"author":1,"featured_media":35,"parent":0,"menu_order":0,"comment_status":"closed","ping_status":"closed","template":"","meta":{"footnotes":""},"class_list":["post-29","page","type-page","status-publish","has-post-thumbnail","hentry"],"_links":{"self":[{"href":"https:\/\/www.cf63.de\/index.php\/wp-json\/wp\/v2\/pages\/29"}],"collection":[{"href":"https:\/\/www.cf63.de\/index.php\/wp-json\/wp\/v2\/pages"}],"about":[{"href":"https:\/\/www.cf63.de\/index.php\/wp-json\/wp\/v2\/types\/page"}],"author":[{"embeddable":true,"href":"https:\/\/www.cf63.de\/index.php\/wp-json\/wp\/v2\/users\/1"}],"replies":[{"embeddable":true,"href":"https:\/\/www.cf63.de\/index.php\/wp-json\/wp\/v2\/comments?post=29"}],"version-history":[{"count":4,"href":"https:\/\/www.cf63.de\/index.php\/wp-json\/wp\/v2\/pages\/29\/revisions"}],"predecessor-version":[{"id":91,"href":"https:\/\/www.cf63.de\/index.php\/wp-json\/wp\/v2\/pages\/29\/revisions\/91"}],"wp:featuredmedia":[{"embeddable":true,"href":"https:\/\/www.cf63.de\/index.php\/wp-json\/wp\/v2\/media\/35"}],"wp:attachment":[{"href":"https:\/\/www.cf63.de\/index.php\/wp-json\/wp\/v2\/media?parent=29"}],"curies":[{"name":"wp","href":"https:\/\/api.w.org\/{rel}","templated":true}]}}