{"id":8,"date":"2016-08-20T12:25:14","date_gmt":"2016-08-20T12:25:14","guid":{"rendered":"http:\/\/www.cf63.de\/wp\/?page_id=8"},"modified":"2024-08-19T14:27:20","modified_gmt":"2024-08-19T12:27:20","slug":"einheiten","status":"publish","type":"page","link":"https:\/\/www.cf63.de\/index.php\/einheiten\/","title":{"rendered":"B\u00fcro Einheiten"},"content":{"rendered":"<p>Der Campus Fichtenhain 63 bietet helle und modern ausgestattete B\u00fcror\u00e4ume in historischem Umfeld. Es stehen B\u00fcror\u00e4ume in verschiedenen Gr\u00f6\u00dfen zur Verf\u00fcgung. Alle Einheiten sind gro\u00dfz\u00fcgig geschnitten und verf\u00fcgen \u00fcber historisches Ambiente incl. hoher Decken, dabei mit aktuellster technischer Ausstattung.<\/p>\n<p><!--more-->Die Einheiten im Einzelnen:<\/p>\n<h3>Erdgescho\u00df<\/h3>\n<p><a href=\"https:\/\/www.cf63.de\/wp-content\/uploads\/2016\/08\/eg.jpg\"><img loading=\"lazy\" decoding=\"async\" class=\"alignnone wp-image-109\" title=\"Plan EG\" src=\"https:\/\/www.cf63.de\/wp-content\/uploads\/2016\/08\/eg-1024x570.jpg\" alt=\"\" width=\"400\" height=\"223\" srcset=\"https:\/\/www.cf63.de\/wp-content\/uploads\/2016\/08\/eg-1024x570.jpg 1024w, https:\/\/www.cf63.de\/wp-content\/uploads\/2016\/08\/eg-300x167.jpg 300w, https:\/\/www.cf63.de\/wp-content\/uploads\/2016\/08\/eg-768x428.jpg 768w\" sizes=\"(max-width: 400px) 100vw, 400px\" \/><\/a><\/p>\n<p>Einheit 1: (vermietet) Bistro, 112qm<br \/>\nEinheit 2: (vermietet) 82 qm, 1 Raum; es besteht die M\u00f6glichkeit, den Raum nach Bedarf zu unterteilen<br \/>\nEinheit 3: Konferenzraum, der bei Bedarf gemietet werden kann (auch von Firmen ausserhalb von CF63) sowie ein B\u00fcro mit ca. 30qm (vermietet)<\/p>\n<h3>Obergescho\u00df<\/h3>\n<p><a href=\"https:\/\/www.cf63.de\/wp-content\/uploads\/2016\/08\/og.jpg\"><img loading=\"lazy\" decoding=\"async\" class=\"alignnone wp-image-108\" title=\"Plan OG\" src=\"https:\/\/www.cf63.de\/wp-content\/uploads\/2016\/08\/og-1024x531.jpg\" alt=\"og\" width=\"400\" height=\"208\" srcset=\"https:\/\/www.cf63.de\/wp-content\/uploads\/2016\/08\/og-1024x531.jpg 1024w, https:\/\/www.cf63.de\/wp-content\/uploads\/2016\/08\/og-300x156.jpg 300w, https:\/\/www.cf63.de\/wp-content\/uploads\/2016\/08\/og-768x398.jpg 768w\" sizes=\"(max-width: 400px) 100vw, 400px\" \/><\/a><\/p>\n<p>Einheit 4: (vermietet) 2 R\u00e4ume sowie ein gro\u00dfz\u00fcgiger\u00a0Vorraum\u00a0auf insgesamt 63qm<br \/>\nEinheit 5: (vermietet) 4 R\u00e4ume und eine offene Teek\u00fcche auf insgesamt 120 qm<br \/>\nEinheit 6: (vermietet) 3 R\u00e4ume auf insgesamt 111qm<\/p>\n<h3>Dachgeschoss<\/h3>\n<p>Einheit 7: (vermietet) 9 R\u00e4ume mit Aufenthaltsraum und offener Empore auf etwa 240qm<\/p>\n<p>F\u00fcr Anfragen bez\u00fcglich Verf\u00fcgbarkeit und Kosten sprechen Sie uns bitte \u00fcber das <a href=\"https:\/\/www.cf63.de\/#contact\">Kontaktformular<\/a> an.<\/p>\n","protected":false},"excerpt":{"rendered":"<p>Der Campus Fichtenhain 63 bietet helle und modern ausgestattete B\u00fcror\u00e4ume in historischem Umfeld. Es stehen B\u00fcror\u00e4ume in verschiedenen Gr\u00f6\u00dfen zur Verf\u00fcgung. Alle Einheiten sind gro\u00dfz\u00fcgig geschnitten und verf\u00fcgen \u00fcber historisches &#8230;<\/p>\n","protected":false},"author":1,"featured_media":109,"parent":0,"menu_order":0,"comment_status":"closed","ping_status":"closed","template":"","meta":{"footnotes":""},"class_list":["post-8","page","type-page","status-publish","has-post-thumbnail","hentry"],"_links":{"self":[{"href":"https:\/\/www.cf63.de\/index.php\/wp-json\/wp\/v2\/pages\/8"}],"collection":[{"href":"https:\/\/www.cf63.de\/index.php\/wp-json\/wp\/v2\/pages"}],"about":[{"href":"https:\/\/www.cf63.de\/index.php\/wp-json\/wp\/v2\/types\/page"}],"author":[{"embeddable":true,"href":"https:\/\/www.cf63.de\/index.php\/wp-json\/wp\/v2\/users\/1"}],"replies":[{"embeddable":true,"href":"https:\/\/www.cf63.de\/index.php\/wp-json\/wp\/v2\/comments?post=8"}],"version-history":[{"count":52,"href":"https:\/\/www.cf63.de\/index.php\/wp-json\/wp\/v2\/pages\/8\/revisions"}],"predecessor-version":[{"id":511,"href":"https:\/\/www.cf63.de\/index.php\/wp-json\/wp\/v2\/pages\/8\/revisions\/511"}],"wp:featuredmedia":[{"embeddable":true,"href":"https:\/\/www.cf63.de\/index.php\/wp-json\/wp\/v2\/media\/109"}],"wp:attachment":[{"href":"https:\/\/www.cf63.de\/index.php\/wp-json\/wp\/v2\/media?parent=8"}],"curies":[{"name":"wp","href":"https:\/\/api.w.org\/{rel}","templated":true}]}}